{"id":20,"date":"2022-12-22T12:26:07","date_gmt":"2022-12-22T12:26:07","guid":{"rendered":"http:\/\/podgorainvest.com\/?page_id=20"},"modified":"2023-01-24T19:34:43","modified_gmt":"2023-01-24T19:34:43","slug":"hakkimizda","status":"publish","type":"page","link":"https:\/\/podgorainvest.com\/index.php\/hakkimizda\/","title":{"rendered":"HAKKIMIZDA"},"content":{"rendered":"\n<p><\/p>\n\n\n\n<div class=\"section-wrapper\" data-id=\"5e9nnt\"><section class=\"wp-block-gutenverse-section guten-element guten-section guten-5e9nnt layout-boxed align-stretch\"><div class=\"guten-background-overlay\"><\/div><div class=\"guten-shape-divider guten-shape-divider-top\"><\/div><div class=\"guten-shape-divider guten-shape-divider-bottom\"><\/div><div class=\"guten-container guten-column-gap-no\">\n<div class=\"wp-block-gutenverse-column guten-element guten-column guten-LLkRjW\"><div class=\"guten-background-overlay\"><\/div><div class=\"sticky-wrapper\" data-id=\"LLkRjW\"><div class=\"guten-column-wrapper\">\n<div class=\"wp-block-gutenverse-image guten-element guten-image guten-zzXU48 animated guten-element-hide slow desktop-fadeInLeft\"><a class=\"guten-image-wrapper\"><img decoding=\"async\" class=\"gutenverse-image-box-filled\" src=\"http:\/\/podgorainvest.com\/wp-content\/uploads\/2022\/12\/african-american-afro-american-analyzing-black-people-brainstorming-1434697-pxhere.com_-1.jpg\" height=\"1280\" width=\"1920\"\/><\/a><\/div>\n<\/div><\/div><\/div>\n\n\n\n<div class=\"wp-block-gutenverse-column guten-element guten-column guten-hm22ZI\"><div class=\"guten-background-overlay\"><\/div><div class=\"sticky-wrapper\" data-id=\"hm22ZI\"><div class=\"guten-column-wrapper\">\n<h2 class=\"wp-block-gutenverse-heading guten-element guten-7otlnJ animated guten-element-hide slow desktop-fadeInRight\"><\/h2>\n\n\n\n<h2 class=\"wp-block-gutenverse-heading guten-element guten-2W1hqH\">\u015eirketimiz,&nbsp;&nbsp; T\u00fczel ve \u00f6zel ki\u015filer ile yat\u0131r\u0131mc\u0131lar aras\u0131nda ticari ili\u015fkiler olu\u015fturma ve geli\u015ftirme amac\u0131yla kurulmu\u015f bir \u015firkettir<\/h2>\n\n\n\n<div class=\"guten-element gutenverse-text-editor guten-wb6sWe\"><div class=\"text-content-inner\">\n<p>Firmam\u0131z sekt\u00f6rdeki geli\u015fmeleri ve &nbsp;yenilikleri takip ederek m\u00fc\u015fterilerimizin taleplerini g\u00f6z \u00f6n\u00fcne alarak ve s\u00fcrekli kendini yenileyerek yeni proje olu\u015fumlar\u0131 i\u00e7inde bulunmaktad\u0131r.<\/p>\n\n\n\n<p>Amac\u0131m\u0131z, toplumda g\u00fcven olu\u015fturmak ve \u00f6nemli sorunlara \u00e7\u00f6z\u00fcm \u00fcretmektir. Biz, Y\u00f6netim dan\u0131\u015fmanl\u0131k ve \u0130nsan Kaynaklar\u0131 alan\u0131nda kaliteli hizmet sunmaya odaklanm\u0131\u015f bir toplulu\u011fuz. \u00d6nem verdi\u011finiz konular\u0131 payla\u015fmak ve daha fazla bilgi almak i\u00e7in bizimle ileti\u015fime ge\u00e7ebilirsiniz.<\/p>\n\n\n\n<p> <\/p>\n<\/div><\/div>\n\n\n\n<div class=\"section-wrapper\" data-id=\"izGD1I\"><section class=\"wp-block-gutenverse-section guten-element guten-section guten-izGD1I layout-boxed align-stretch\"><div class=\"guten-background-overlay\"><\/div><div class=\"guten-shape-divider guten-shape-divider-top\"><\/div><div class=\"guten-shape-divider guten-shape-divider-bottom\"><\/div><div class=\"guten-container guten-column-gap-no\">\n<div class=\"wp-block-gutenverse-column guten-element guten-column guten-cae7WS\"><div class=\"guten-background-overlay\"><\/div><div class=\"sticky-wrapper\" data-id=\"cae7WS\"><div class=\"guten-column-wrapper\"><\/div><\/div><\/div>\n\n\n\n<div class=\"wp-block-gutenverse-column guten-element guten-column guten-vxeXGf\"><div class=\"guten-background-overlay\"><\/div><div class=\"sticky-wrapper\" data-id=\"vxeXGf\"><div class=\"guten-column-wrapper\"><\/div><\/div><\/div>\n<\/div><\/section><\/div>\n<\/div><\/div><\/div>\n<\/div><\/section><\/div>\n","protected":false},"excerpt":{"rendered":"","protected":false},"author":1,"featured_media":0,"parent":0,"menu_order":0,"comment_status":"closed","ping_status":"closed","template":"","meta":{"footnotes":""},"class_list":["post-20","page","type-page","status-publish","hentry"],"_links":{"self":[{"href":"https:\/\/podgorainvest.com\/index.php\/wp-json\/wp\/v2\/pages\/20","targetHints":{"allow":["GET"]}}],"collection":[{"href":"https:\/\/podgorainvest.com\/index.php\/wp-json\/wp\/v2\/pages"}],"about":[{"href":"https:\/\/podgorainvest.com\/index.php\/wp-json\/wp\/v2\/types\/page"}],"author":[{"embeddable":true,"href":"https:\/\/podgorainvest.com\/index.php\/wp-json\/wp\/v2\/users\/1"}],"replies":[{"embeddable":true,"href":"https:\/\/podgorainvest.com\/index.php\/wp-json\/wp\/v2\/comments?post=20"}],"version-history":[{"count":8,"href":"https:\/\/podgorainvest.com\/index.php\/wp-json\/wp\/v2\/pages\/20\/revisions"}],"predecessor-version":[{"id":434,"href":"https:\/\/podgorainvest.com\/index.php\/wp-json\/wp\/v2\/pages\/20\/revisions\/434"}],"wp:attachment":[{"href":"https:\/\/podgorainvest.com\/index.php\/wp-json\/wp\/v2\/media?parent=20"}],"curies":[{"name":"wp","href":"https:\/\/api.w.org\/{rel}","templated":true}]}}