{"id":21,"date":"2022-12-22T12:26:07","date_gmt":"2022-12-22T12:26:07","guid":{"rendered":"http:\/\/podgorainvest.com\/?page_id=21"},"modified":"2023-01-23T07:39:48","modified_gmt":"2023-01-23T07:39:48","slug":"projelerimiz","status":"publish","type":"page","link":"https:\/\/podgorainvest.com\/index.php\/projelerimiz\/","title":{"rendered":"PROJELER\u0130M\u0130Z"},"content":{"rendered":"\n<div class=\"section-wrapper\" data-id=\"DCIHGY\"><section class=\"wp-block-gutenverse-section guten-element guten-section guten-DCIHGY layout-boxed align-stretch\"><div class=\"guten-background-overlay\"><\/div><div class=\"guten-shape-divider guten-shape-divider-top\"><\/div><div class=\"guten-shape-divider guten-shape-divider-bottom\"><\/div><div class=\"guten-container guten-column-gap-no\">\n<div class=\"wp-block-gutenverse-column guten-element guten-column guten-D46z7W\"><div class=\"guten-background-overlay\"><\/div><div class=\"sticky-wrapper\" data-id=\"D46z7W\"><div class=\"guten-column-wrapper\">\n<h2 class=\"wp-block-gutenverse-heading guten-element guten-jZ3IRh animated guten-element-hide desktop-fadeInUp\">En son projelerimiz<\/h2>\n\n\n\n<div class=\"guten-element gutenverse-text-editor guten-oA92ji animated guten-element-hide desktop-fadeInUp\"><div class=\"text-content-inner\">\n<p>Projelerimiz, m\u00fc\u015fterilerimize en iyi hizmeti sunmak i\u00e7in tasarlanm\u0131\u015ft\u0131r. Emlak yat\u0131r\u0131m\u0131n\u0131z\u0131 bizimle birlikte b\u00fcy\u00fctmek i\u00e7in projelerimizi inceleyin<\/p>\n<\/div><\/div>\n\n\n\n<div class=\"section-wrapper\" data-id=\"u4KUuP\"><section class=\"wp-block-gutenverse-section guten-element guten-section guten-u4KUuP animated guten-element-hide desktop-fadeInUp layout-boxed align-stretch\"><div class=\"guten-background-overlay\"><\/div><div class=\"guten-shape-divider guten-shape-divider-top\"><\/div><div class=\"guten-shape-divider guten-shape-divider-bottom\"><\/div><div class=\"guten-container guten-column-gap-no\">\n<div class=\"wp-block-gutenverse-column guten-element guten-column guten-uMa1vL\"><div class=\"guten-background-overlay\"><\/div><div class=\"sticky-wrapper\" data-id=\"uMa1vL\"><div class=\"guten-column-wrapper\">\n<div class=\"wp-block-gutenverse-image guten-element guten-image guten-2ybBZ3\"><a class=\"guten-image-wrapper\"><img decoding=\"async\" class=\"gutenverse-image-box-filled\" src=\"http:\/\/podgorainvest.com\/wp-content\/uploads\/2023\/01\/HAUS-Montenegro-v2-1_page-0001.jpg\" height=\"1125\" width=\"2000\"\/><\/a><\/div>\n\n\n\n<div class=\"guten-element guten-6nszhc guten-icon-box icon-position-left\"><div class=\"guten-icon-box-wrapper hover-from-left\"><div class=\"icon-box icon-box-body\"><a class=\"\" href=\"http:\/\/podgorainvest.com\/index.php\/haus-montenegro\/\"><h2 class=\"title\">HAUS Montenegro<\/h2><\/a><p class=\"icon-box-description\">HAUS Montenegro Projemiz<\/p>\n<div class=\"guten-element guten-button-wrapper guten-TL8Fij\"><a class=\"guten-button guten-button-sm\" href=\"http:\/\/podgorainvest.com\/index.php\/haus-montenegro\/\"><span>detaylar<\/span><i class=\"fa-lg fas fa-arrow-right\"><\/i><\/a><\/div>\n<\/div><\/div><\/div>\n<\/div><\/div><\/div>\n\n\n\n<div class=\"wp-block-gutenverse-column guten-element guten-column guten-0rWBqY\"><div class=\"guten-background-overlay\"><\/div><div class=\"sticky-wrapper\" data-id=\"0rWBqY\"><div class=\"guten-column-wrapper\">\n<div class=\"wp-block-gutenverse-image guten-element guten-image guten-lbxMiJ\"><a class=\"guten-image-wrapper\"><img decoding=\"async\" class=\"gutenverse-image-box-filled\" src=\"http:\/\/podgorainvest.com\/wp-content\/uploads\/2023\/01\/Katalog-stanova-ADAM-HOLDING-1_page-0001.jpg\" height=\"717\" width=\"1324\"\/><\/a><\/div>\n\n\n\n<div class=\"guten-element guten-U8Ejav guten-icon-box icon-position-left\"><div class=\"guten-icon-box-wrapper hover-from-left\"><div class=\"icon-box icon-box-body\"><a class=\"\" href=\"http:\/\/podgorainvest.com\/index.php\/358-2\/\"><h2 class=\"title\">Diamond<\/h2><\/a><p class=\"icon-box-description\">Diamond Montenegro Projemiz<\/p>\n<div class=\"guten-element guten-button-wrapper guten-K6L3oH\"><a class=\"guten-button guten-button-sm\" href=\"http:\/\/podgorainvest.com\/index.php\/358-2\/\"><span>detaylar<br><\/span><i class=\"fa-lg fas fa-arrow-right\"><\/i><\/a><\/div>\n<\/div><\/div><\/div>\n<\/div><\/div><\/div>\n<\/div><\/section><\/div>\n<\/div><\/div><\/div>\n<\/div><\/section><\/div>\n","protected":false},"excerpt":{"rendered":"","protected":false},"author":1,"featured_media":0,"parent":0,"menu_order":0,"comment_status":"closed","ping_status":"closed","template":"","meta":{"footnotes":""},"class_list":["post-21","page","type-page","status-publish","hentry"],"_links":{"self":[{"href":"https:\/\/podgorainvest.com\/index.php\/wp-json\/wp\/v2\/pages\/21","targetHints":{"allow":["GET"]}}],"collection":[{"href":"https:\/\/podgorainvest.com\/index.php\/wp-json\/wp\/v2\/pages"}],"about":[{"href":"https:\/\/podgorainvest.com\/index.php\/wp-json\/wp\/v2\/types\/page"}],"author":[{"embeddable":true,"href":"https:\/\/podgorainvest.com\/index.php\/wp-json\/wp\/v2\/users\/1"}],"replies":[{"embeddable":true,"href":"https:\/\/podgorainvest.com\/index.php\/wp-json\/wp\/v2\/comments?post=21"}],"version-history":[{"count":14,"href":"https:\/\/podgorainvest.com\/index.php\/wp-json\/wp\/v2\/pages\/21\/revisions"}],"predecessor-version":[{"id":425,"href":"https:\/\/podgorainvest.com\/index.php\/wp-json\/wp\/v2\/pages\/21\/revisions\/425"}],"wp:attachment":[{"href":"https:\/\/podgorainvest.com\/index.php\/wp-json\/wp\/v2\/media?parent=21"}],"curies":[{"name":"wp","href":"https:\/\/api.w.org\/{rel}","templated":true}]}}