{"id":42,"date":"2022-12-22T12:52:09","date_gmt":"2022-12-22T12:52:09","guid":{"rendered":"http:\/\/podgorainvest.com\/?page_id=42"},"modified":"2023-01-09T10:26:57","modified_gmt":"2023-01-09T10:26:57","slug":"gayrimenkul-alarak-oturum-izni","status":"publish","type":"page","link":"https:\/\/podgorainvest.com\/index.php\/gayrimenkul-alarak-oturum-izni\/","title":{"rendered":"Gayrimenkul Alarak  Oturum \u0130zni"},"content":{"rendered":"\n<div class=\"wp-block-group is-layout-constrained wp-block-group-is-layout-constrained\">\n<div class=\"section-wrapper\" data-id=\"z81Se3\"><section class=\"wp-block-gutenverse-section guten-element guten-section guten-z81Se3 layout-boxed align-stretch\"><div class=\"guten-background-overlay\"><\/div><div class=\"guten-shape-divider guten-shape-divider-top\"><\/div><div class=\"guten-shape-divider guten-shape-divider-bottom\"><\/div><div class=\"guten-container guten-column-gap-no\">\n<div class=\"wp-block-gutenverse-column guten-element guten-column guten-ZP4F9v\"><div class=\"guten-background-overlay\"><\/div><div class=\"sticky-wrapper\" data-id=\"ZP4F9v\"><div class=\"guten-column-wrapper\">\n<h2 class=\"wp-block-gutenverse-heading guten-element guten-LkVHox animated guten-element-hide desktop-fadeInUp\"><\/h2>\n\n\n\n<h2 class=\"wp-block-gutenverse-heading guten-element guten-W5i2Ql animated guten-element-hide desktop-fadeInUp\">Gayrimenkul Alarak  Oturum \u0130zni hakk\u0131nda<\/h2>\n\n\n\n<div class=\"guten-element gutenverse-text-editor guten-LPCGzc animated guten-element-hide desktop-fadeInUp\"><div class=\"text-content-inner\">\n<p><\/p>\n<\/div><\/div>\n\n\n\n<div class=\"section-wrapper\" data-id=\"M5zd1E\"><section class=\"wp-block-gutenverse-section guten-element guten-section guten-M5zd1E layout-boxed align-stretch\"><div class=\"guten-background-overlay\"><\/div><div class=\"guten-shape-divider guten-shape-divider-top\"><\/div><div class=\"guten-shape-divider guten-shape-divider-bottom\"><\/div><div class=\"guten-container guten-column-gap-no\">\n<div class=\"wp-block-gutenverse-column guten-element guten-column guten-HCC6Xp animated guten-element-hide desktop-fadeInLeft\"><div class=\"guten-background-overlay\"><\/div><div class=\"sticky-wrapper\" data-id=\"HCC6Xp\"><div class=\"guten-column-wrapper\">\n<div class=\"guten-element guten-spacer guten-DXJD1f\"><\/div>\n<\/div><\/div><\/div>\n\n\n\n<div class=\"wp-block-gutenverse-column guten-element guten-column guten-a5L4qz animated guten-element-hide desktop-fadeInRight\"><div class=\"guten-background-overlay\"><\/div><div class=\"sticky-wrapper\" data-id=\"a5L4qz\"><div class=\"guten-column-wrapper\">\n<h2 class=\"wp-block-gutenverse-heading guten-element guten-BUWmYr animated guten-element-hide desktop-fadeInRight\">Gayrimenkul Alarak  Oturum \u0130zni<\/h2>\n\n\n\n<div class=\"guten-element gutenverse-text-editor guten-jJyVoo animated guten-element-hide desktop-fadeInRight\"><div class=\"text-content-inner\">\n<p>Karada\u011f\u2019da iyi bir emlak yat\u0131r\u0131m\u0131 yapmak hem \u00e7ok zor hem de \u00e7ok kolayd\u0131r. Yat\u0131r\u0131mc\u0131lar\u0131n g\u00fcneyde Bar, Ulcinj,Budva, Herceg Novi, Tivat ve kuzeyde Kolasin ve Zabljak\u2019taki projelere artan talepleri mevcuttur. Bu \u015fehirlerdeki gayrimenkullerde yat\u0131r\u0131m yaparak oturum hakk\u0131 kazanabilmektesiniz. Alm\u0131\u015f oldu\u011funuz gayrimenkulde oturabilirsiniz veya kiralayabilirsiniz.<\/p>\n<\/div><\/div>\n\n\n\n<h2 class=\"wp-block-gutenverse-heading guten-element guten-MSBVyn animated guten-element-hide desktop-fadeInRight\"><\/h2>\n\n\n\n<div class=\"guten-element guten-button-wrapper guten-y0696j\"><a class=\"guten-button animated guten-element-hide desktop-fadeInRight guten-button-sm\" href=\"#\"><span>ileti\u015fim<\/span><\/a><\/div>\n<\/div><\/div><\/div>\n<\/div><\/section><\/div>\n<\/div><\/div><\/div>\n<\/div><\/section><\/div>\n<\/div>\n","protected":false},"excerpt":{"rendered":"","protected":false},"author":1,"featured_media":0,"parent":0,"menu_order":0,"comment_status":"closed","ping_status":"closed","template":"","meta":{"footnotes":""},"class_list":["post-42","page","type-page","status-publish","hentry"],"_links":{"self":[{"href":"https:\/\/podgorainvest.com\/index.php\/wp-json\/wp\/v2\/pages\/42","targetHints":{"allow":["GET"]}}],"collection":[{"href":"https:\/\/podgorainvest.com\/index.php\/wp-json\/wp\/v2\/pages"}],"about":[{"href":"https:\/\/podgorainvest.com\/index.php\/wp-json\/wp\/v2\/types\/page"}],"author":[{"embeddable":true,"href":"https:\/\/podgorainvest.com\/index.php\/wp-json\/wp\/v2\/users\/1"}],"replies":[{"embeddable":true,"href":"https:\/\/podgorainvest.com\/index.php\/wp-json\/wp\/v2\/comments?post=42"}],"version-history":[{"count":4,"href":"https:\/\/podgorainvest.com\/index.php\/wp-json\/wp\/v2\/pages\/42\/revisions"}],"predecessor-version":[{"id":294,"href":"https:\/\/podgorainvest.com\/index.php\/wp-json\/wp\/v2\/pages\/42\/revisions\/294"}],"wp:attachment":[{"href":"https:\/\/podgorainvest.com\/index.php\/wp-json\/wp\/v2\/media?parent=42"}],"curies":[{"name":"wp","href":"https:\/\/api.w.org\/{rel}","templated":true}]}}