{"id":43,"date":"2022-12-22T12:52:09","date_gmt":"2022-12-22T12:52:09","guid":{"rendered":"http:\/\/podgorainvest.com\/?page_id=43"},"modified":"2023-01-10T07:15:06","modified_gmt":"2023-01-10T07:15:06","slug":"sirket-kurarak-oturum-izni","status":"publish","type":"page","link":"https:\/\/podgorainvest.com\/index.php\/sirket-kurarak-oturum-izni\/","title":{"rendered":"\u015eirket Kurarak Oturum \u0130zni"},"content":{"rendered":"\n<div class=\"section-wrapper\" data-id=\"z81Se3\"><section class=\"wp-block-gutenverse-section guten-element guten-section guten-z81Se3 layout-boxed align-stretch\"><div class=\"guten-background-overlay\"><\/div><div class=\"guten-shape-divider guten-shape-divider-top\"><\/div><div class=\"guten-shape-divider guten-shape-divider-bottom\"><\/div><div class=\"guten-container guten-column-gap-no\">\n<div class=\"wp-block-gutenverse-column guten-element guten-column guten-ZP4F9v\"><div class=\"guten-background-overlay\"><\/div><div class=\"sticky-wrapper\" data-id=\"ZP4F9v\"><div class=\"guten-column-wrapper\">\n<h2 class=\"wp-block-gutenverse-heading guten-element guten-LkVHox animated guten-element-hide desktop-fadeInUp\"><\/h2>\n\n\n\n<h2 class=\"wp-block-gutenverse-heading guten-element guten-W5i2Ql animated guten-element-hide desktop-fadeInUp\">\u015eirket Kurarak Oturum \u0130zni Hakk\u0131nda Detaylar<\/h2>\n\n\n\n<div class=\"section-wrapper\" data-id=\"M5zd1E\"><section class=\"wp-block-gutenverse-section guten-element guten-section guten-M5zd1E layout-boxed align-stretch\"><div class=\"guten-background-overlay\"><\/div><div class=\"guten-shape-divider guten-shape-divider-top\"><\/div><div class=\"guten-shape-divider guten-shape-divider-bottom\"><\/div><div class=\"guten-container guten-column-gap-no\">\n<div class=\"wp-block-gutenverse-column guten-element guten-column guten-HCC6Xp animated guten-element-hide desktop-fadeInLeft\"><div class=\"guten-background-overlay\"><\/div><div class=\"sticky-wrapper\" data-id=\"HCC6Xp\"><div class=\"guten-column-wrapper\">\n<div class=\"wp-block-group is-layout-constrained wp-block-group-is-layout-constrained\">\n<div class=\"guten-element guten-spacer guten-DXJD1f\"><\/div>\n<\/div>\n<\/div><\/div><\/div>\n\n\n\n<div class=\"wp-block-gutenverse-column guten-element guten-column guten-a5L4qz animated guten-element-hide desktop-fadeInRight\"><div class=\"guten-background-overlay\"><\/div><div class=\"sticky-wrapper\" data-id=\"a5L4qz\"><div class=\"guten-column-wrapper\">\n<h2 class=\"wp-block-gutenverse-heading guten-element guten-BUWmYr animated guten-element-hide desktop-fadeInRight\">\u015eirket Kurarak Oturum \u0130zni<\/h2>\n\n\n\n<div class=\"guten-element gutenverse-text-editor guten-jJyVoo animated guten-element-hide desktop-fadeInRight\"><div class=\"text-content-inner\">\n<p>Karada\u011f\u2019da kendiniz ve aileniz i\u00e7in e\u015finiz ve 18 ya\u015f\u0131ndaki k\u00fc\u00e7\u00fck \u00e7ocuklar\u0131n\u0131z oturum izni alman\u0131n en h\u0131zl\u0131 y\u00f6ntemlerinden birisi \u015firket kurmakt\u0131r. 1 euro sermaye ile \u015firket kurulumu yap\u0131labilmektedir, ve kurumlar vergisi %9 dur. \u015eirket kurulum i\u015flemleri 5-10 g\u00fcn aras\u0131nda s\u00fcrmektedir. Karada\u011f\u2019da \u015fah\u0131s olarak alabilece\u011finiz gayrimenkul s\u0131n\u0131rl\u0131yken, \u015firketlerin alaca\u011f\u0131 gayrimenkul\u00fcn bir \u00fcst limiti bulunmuyor.<\/p>\n<\/div><\/div>\n\n\n\n<h2 class=\"wp-block-gutenverse-heading guten-element guten-MSBVyn animated guten-element-hide desktop-fadeInRight\">Detaylar \u0130\u00e7in Bize Ula\u015f\u0131n<\/h2>\n\n\n\n<div class=\"guten-element guten-button-wrapper guten-y0696j\"><a class=\"guten-button animated guten-element-hide desktop-fadeInRight guten-button-sm\" href=\"#\"><span>Get it Now<\/span><\/a><\/div>\n<\/div><\/div><\/div>\n<\/div><\/section><\/div>\n<\/div><\/div><\/div>\n<\/div><\/section><\/div>\n","protected":false},"excerpt":{"rendered":"","protected":false},"author":1,"featured_media":0,"parent":0,"menu_order":0,"comment_status":"closed","ping_status":"closed","template":"","meta":{"footnotes":""},"class_list":["post-43","page","type-page","status-publish","hentry"],"_links":{"self":[{"href":"https:\/\/podgorainvest.com\/index.php\/wp-json\/wp\/v2\/pages\/43","targetHints":{"allow":["GET"]}}],"collection":[{"href":"https:\/\/podgorainvest.com\/index.php\/wp-json\/wp\/v2\/pages"}],"about":[{"href":"https:\/\/podgorainvest.com\/index.php\/wp-json\/wp\/v2\/types\/page"}],"author":[{"embeddable":true,"href":"https:\/\/podgorainvest.com\/index.php\/wp-json\/wp\/v2\/users\/1"}],"replies":[{"embeddable":true,"href":"https:\/\/podgorainvest.com\/index.php\/wp-json\/wp\/v2\/comments?post=43"}],"version-history":[{"count":4,"href":"https:\/\/podgorainvest.com\/index.php\/wp-json\/wp\/v2\/pages\/43\/revisions"}],"predecessor-version":[{"id":386,"href":"https:\/\/podgorainvest.com\/index.php\/wp-json\/wp\/v2\/pages\/43\/revisions\/386"}],"wp:attachment":[{"href":"https:\/\/podgorainvest.com\/index.php\/wp-json\/wp\/v2\/media?parent=43"}],"curies":[{"name":"wp","href":"https:\/\/api.w.org\/{rel}","templated":true}]}}