{"id":44,"date":"2022-12-22T12:52:09","date_gmt":"2022-12-22T12:52:09","guid":{"rendered":"http:\/\/podgorainvest.com\/?page_id=44"},"modified":"2023-01-09T08:52:08","modified_gmt":"2023-01-09T08:52:08","slug":"havaalani-transfer-hizmeti","status":"publish","type":"page","link":"https:\/\/podgorainvest.com\/index.php\/havaalani-transfer-hizmeti\/","title":{"rendered":"Havaalan\u0131 Transfer Hizmeti"},"content":{"rendered":"\n<div class=\"section-wrapper\" data-id=\"z81Se3\"><section class=\"wp-block-gutenverse-section guten-element guten-section guten-z81Se3 layout-boxed align-stretch\"><div class=\"guten-background-overlay\"><\/div><div class=\"guten-shape-divider guten-shape-divider-top\"><\/div><div class=\"guten-shape-divider guten-shape-divider-bottom\"><\/div><div class=\"guten-container guten-column-gap-no\">\n<div class=\"wp-block-gutenverse-column guten-element guten-column guten-ZP4F9v\"><div class=\"guten-background-overlay\"><\/div><div class=\"sticky-wrapper\" data-id=\"ZP4F9v\"><div class=\"guten-column-wrapper\">\n<h2 class=\"wp-block-gutenverse-heading guten-element guten-LkVHox animated guten-element-hide desktop-fadeInUp\"><\/h2>\n\n\n\n<h2 class=\"wp-block-gutenverse-heading guten-element guten-W5i2Ql animated guten-element-hide desktop-fadeInUp\">Havaalan\u0131 Transfer Hizmeti hakk\u0131nda<\/h2>\n\n\n\n<div class=\"guten-element gutenverse-text-editor guten-LPCGzc animated guten-element-hide desktop-fadeInUp\"><div class=\"text-content-inner\">\n<p><\/p>\n<\/div><\/div>\n\n\n\n<div class=\"section-wrapper\" data-id=\"M5zd1E\"><section class=\"wp-block-gutenverse-section guten-element guten-section guten-M5zd1E layout-boxed align-stretch\"><div class=\"guten-background-overlay\"><\/div><div class=\"guten-shape-divider guten-shape-divider-top\"><\/div><div class=\"guten-shape-divider guten-shape-divider-bottom\"><\/div><div class=\"guten-container guten-column-gap-no\">\n<div class=\"wp-block-gutenverse-column guten-element guten-column guten-HCC6Xp animated guten-element-hide desktop-fadeInLeft\"><div class=\"guten-background-overlay\"><\/div><div class=\"sticky-wrapper\" data-id=\"HCC6Xp\"><div class=\"guten-column-wrapper\">\n<div class=\"guten-element guten-spacer guten-DXJD1f\"><\/div>\n<\/div><\/div><\/div>\n\n\n\n<div class=\"wp-block-gutenverse-column guten-element guten-column guten-a5L4qz animated guten-element-hide desktop-fadeInRight\"><div class=\"guten-background-overlay\"><\/div><div class=\"sticky-wrapper\" data-id=\"a5L4qz\"><div class=\"guten-column-wrapper\">\n<h2 class=\"wp-block-gutenverse-heading guten-element guten-BUWmYr animated guten-element-hide desktop-fadeInRight\">Havaalan\u0131 Transfer<\/h2>\n\n\n\n<div class=\"guten-element gutenverse-text-editor guten-jJyVoo animated guten-element-hide desktop-fadeInRight\"><div class=\"text-content-inner\">\n<p>M\u00fc\u015fterilerimizin k\u0131sa s\u00fcreli yolculuklar\u0131nda da olsa memnun etmek bizim en \u00f6nemli g\u00f6revimizdir.<\/p>\n<\/div><\/div>\n\n\n\n<h2 class=\"wp-block-gutenverse-heading guten-element guten-MSBVyn animated guten-element-hide desktop-fadeInRight\"><\/h2>\n\n\n\n<div class=\"section-wrapper\" data-id=\"KycCZ4\"><section class=\"wp-block-gutenverse-section guten-element guten-section guten-KycCZ4 animated guten-element-hide desktop-fadeInRight layout-boxed align-stretch\"><div class=\"guten-background-overlay\"><\/div><div class=\"guten-shape-divider guten-shape-divider-top\"><\/div><div class=\"guten-shape-divider guten-shape-divider-bottom\"><\/div><div class=\"guten-container guten-column-gap-no\">\n<div class=\"wp-block-gutenverse-column guten-element guten-column guten-br7d9P\"><div class=\"guten-background-overlay\"><\/div><div class=\"sticky-wrapper\" data-id=\"br7d9P\"><div class=\"guten-column-wrapper\"><\/div><\/div><\/div>\n\n\n\n<div class=\"wp-block-gutenverse-column guten-element guten-column guten-UVhz5T\"><div class=\"guten-background-overlay\"><\/div><div class=\"sticky-wrapper\" data-id=\"UVhz5T\"><div class=\"guten-column-wrapper\"><\/div><\/div><\/div>\n<\/div><\/section><\/div>\n\n\n\n<div class=\"guten-element guten-button-wrapper guten-y0696j\"><a class=\"guten-button animated guten-element-hide desktop-fadeInRight guten-button-sm\" href=\"#\"><span>Get it Now<\/span><\/a><\/div>\n<\/div><\/div><\/div>\n<\/div><\/section><\/div>\n<\/div><\/div><\/div>\n<\/div><\/section><\/div>\n","protected":false},"excerpt":{"rendered":"","protected":false},"author":1,"featured_media":0,"parent":0,"menu_order":0,"comment_status":"closed","ping_status":"closed","template":"","meta":{"footnotes":""},"class_list":["post-44","page","type-page","status-publish","hentry"],"_links":{"self":[{"href":"https:\/\/podgorainvest.com\/index.php\/wp-json\/wp\/v2\/pages\/44","targetHints":{"allow":["GET"]}}],"collection":[{"href":"https:\/\/podgorainvest.com\/index.php\/wp-json\/wp\/v2\/pages"}],"about":[{"href":"https:\/\/podgorainvest.com\/index.php\/wp-json\/wp\/v2\/types\/page"}],"author":[{"embeddable":true,"href":"https:\/\/podgorainvest.com\/index.php\/wp-json\/wp\/v2\/users\/1"}],"replies":[{"embeddable":true,"href":"https:\/\/podgorainvest.com\/index.php\/wp-json\/wp\/v2\/comments?post=44"}],"version-history":[{"count":2,"href":"https:\/\/podgorainvest.com\/index.php\/wp-json\/wp\/v2\/pages\/44\/revisions"}],"predecessor-version":[{"id":292,"href":"https:\/\/podgorainvest.com\/index.php\/wp-json\/wp\/v2\/pages\/44\/revisions\/292"}],"wp:attachment":[{"href":"https:\/\/podgorainvest.com\/index.php\/wp-json\/wp\/v2\/media?parent=44"}],"curies":[{"name":"wp","href":"https:\/\/api.w.org\/{rel}","templated":true}]}}