{"id":45,"date":"2022-12-22T12:52:09","date_gmt":"2022-12-22T12:52:09","guid":{"rendered":"http:\/\/podgorainvest.com\/?page_id=45"},"modified":"2023-01-03T14:19:15","modified_gmt":"2023-01-03T14:19:15","slug":"arac-kiralama","status":"publish","type":"page","link":"https:\/\/podgorainvest.com\/index.php\/arac-kiralama\/","title":{"rendered":"Ara\u00e7 Kiralama"},"content":{"rendered":"\n<p><\/p>\n\n\n\n<div class=\"section-wrapper\" data-id=\"z81Se3\"><section class=\"wp-block-gutenverse-section guten-element guten-section guten-z81Se3 layout-boxed align-stretch\"><div class=\"guten-background-overlay\"><\/div><div class=\"guten-shape-divider guten-shape-divider-top\"><\/div><div class=\"guten-shape-divider guten-shape-divider-bottom\"><\/div><div class=\"guten-container guten-column-gap-no\">\n<div class=\"wp-block-gutenverse-column guten-element guten-column guten-ZP4F9v\"><div class=\"guten-background-overlay\"><\/div><div class=\"sticky-wrapper\" data-id=\"ZP4F9v\"><div class=\"guten-column-wrapper\">\n<h2 class=\"wp-block-gutenverse-heading guten-element guten-LkVHox animated guten-element-hide desktop-fadeInUp\"><\/h2>\n\n\n\n<h2 class=\"wp-block-gutenverse-heading guten-element guten-W5i2Ql animated guten-element-hide desktop-fadeInUp\">Ara\u00e7 Kiralama Hakk\u0131nda<\/h2>\n\n\n\n<div class=\"guten-element gutenverse-text-editor guten-LPCGzc animated guten-element-hide desktop-fadeInUp\"><div class=\"text-content-inner\">\n<p><\/p>\n<\/div><\/div>\n\n\n\n<div class=\"section-wrapper\" data-id=\"M5zd1E\"><section class=\"wp-block-gutenverse-section guten-element guten-section guten-M5zd1E layout-boxed align-stretch\"><div class=\"guten-background-overlay\"><\/div><div class=\"guten-shape-divider guten-shape-divider-top\"><\/div><div class=\"guten-shape-divider guten-shape-divider-bottom\"><\/div><div class=\"guten-container guten-column-gap-no\">\n<div class=\"wp-block-gutenverse-column guten-element guten-column guten-HCC6Xp animated guten-element-hide desktop-fadeInLeft\"><div class=\"guten-background-overlay\"><\/div><div class=\"sticky-wrapper\" data-id=\"HCC6Xp\"><div class=\"guten-column-wrapper\">\n<div class=\"guten-element guten-spacer guten-DXJD1f\"><\/div>\n<\/div><\/div><\/div>\n\n\n\n<div class=\"wp-block-gutenverse-column guten-element guten-column guten-a5L4qz animated guten-element-hide desktop-fadeInRight\"><div class=\"guten-background-overlay\"><\/div><div class=\"sticky-wrapper\" data-id=\"a5L4qz\"><div class=\"guten-column-wrapper\">\n<h2 class=\"wp-block-gutenverse-heading guten-element guten-BUWmYr animated guten-element-hide desktop-fadeInRight\">Ara\u00e7 Kiralama<\/h2>\n\n\n\n<div class=\"guten-element gutenverse-text-editor guten-jJyVoo animated guten-element-hide desktop-fadeInRight\"><div class=\"text-content-inner\">\n<p>M\u00fc\u015fterilerimizin istedi\u011fi sekmentte ve fiyatlarda en ideal ara\u00e7lar sa\u011flanmakta, Montenegro da kald\u0131klar\u0131 s\u00fcre zarf\u0131nda konforlu bir seyahat sa\u011flamalar\u0131 sa\u011flan\u0131r<\/p>\n<\/div><\/div>\n\n\n\n<h2 class=\"wp-block-gutenverse-heading guten-element guten-MSBVyn animated guten-element-hide desktop-fadeInRight\">Detaylar \u0130\u00e7in Bize Ula\u015f\u0131n<\/h2>\n\n\n\n<div class=\"section-wrapper\" data-id=\"KycCZ4\"><section class=\"wp-block-gutenverse-section guten-element guten-section guten-KycCZ4 animated guten-element-hide desktop-fadeInRight layout-boxed align-stretch\"><div class=\"guten-background-overlay\"><\/div><div class=\"guten-shape-divider guten-shape-divider-top\"><\/div><div class=\"guten-shape-divider guten-shape-divider-bottom\"><\/div><div class=\"guten-container guten-column-gap-no\">\n<div class=\"wp-block-gutenverse-column guten-element guten-column guten-br7d9P\"><div class=\"guten-background-overlay\"><\/div><div class=\"sticky-wrapper\" data-id=\"br7d9P\"><div class=\"guten-column-wrapper\"><\/div><\/div><\/div>\n\n\n\n<div class=\"wp-block-gutenverse-column guten-element guten-column guten-UVhz5T\"><div class=\"guten-background-overlay\"><\/div><div class=\"sticky-wrapper\" data-id=\"UVhz5T\"><div class=\"guten-column-wrapper\"><\/div><\/div><\/div>\n<\/div><\/section><\/div>\n\n\n\n<div class=\"guten-element guten-button-wrapper guten-y0696j\"><a class=\"guten-button animated guten-element-hide desktop-fadeInRight guten-button-sm\" href=\"#\"><span>bize ula\u015f\u0131n<\/span><\/a><\/div>\n<\/div><\/div><\/div>\n<\/div><\/section><\/div>\n<\/div><\/div><\/div>\n<\/div><\/section><\/div>\n","protected":false},"excerpt":{"rendered":"","protected":false},"author":1,"featured_media":0,"parent":0,"menu_order":0,"comment_status":"closed","ping_status":"closed","template":"","meta":{"footnotes":""},"class_list":["post-45","page","type-page","status-publish","hentry"],"_links":{"self":[{"href":"https:\/\/podgorainvest.com\/index.php\/wp-json\/wp\/v2\/pages\/45","targetHints":{"allow":["GET"]}}],"collection":[{"href":"https:\/\/podgorainvest.com\/index.php\/wp-json\/wp\/v2\/pages"}],"about":[{"href":"https:\/\/podgorainvest.com\/index.php\/wp-json\/wp\/v2\/types\/page"}],"author":[{"embeddable":true,"href":"https:\/\/podgorainvest.com\/index.php\/wp-json\/wp\/v2\/users\/1"}],"replies":[{"embeddable":true,"href":"https:\/\/podgorainvest.com\/index.php\/wp-json\/wp\/v2\/comments?post=45"}],"version-history":[{"count":8,"href":"https:\/\/podgorainvest.com\/index.php\/wp-json\/wp\/v2\/pages\/45\/revisions"}],"predecessor-version":[{"id":248,"href":"https:\/\/podgorainvest.com\/index.php\/wp-json\/wp\/v2\/pages\/45\/revisions\/248"}],"wp:attachment":[{"href":"https:\/\/podgorainvest.com\/index.php\/wp-json\/wp\/v2\/media?parent=45"}],"curies":[{"name":"wp","href":"https:\/\/api.w.org\/{rel}","templated":true}]}}